{"id":1306,"date":"2018-12-24T08:59:44","date_gmt":"2018-12-24T08:59:44","guid":{"rendered":"https:\/\/aazztech.com\/demos\/plugins\/directorist\/demo-one\/login\/"},"modified":"2018-12-24T08:59:44","modified_gmt":"2018-12-24T08:59:44","slug":"login","status":"publish","type":"page","link":"https:\/\/www.eabolivia.com\/empresas\/login\/","title":{"rendered":"Login"},"content":{"rendered":"<div class=\"directorist-login-wrapper directorist-w-100\">\n    <div class=\"directorist-container-fluid\">\n        <div class=\"directorist-row\">\n            <div class=\"directorist-col-md-6 directorist-offset-md-3\">\n                <div class=\"atbdp_login_form_shortcode\">\n\t\t\t\t\t\n\t\t\t\t\t\n\t\t\t\t\t\t\t\t\t\t\t<form action=\"#\" id=\"login\" method=\"POST\">\n\t\t\t\t\t\t\t<p class=\"status\"><\/p>\n\t\t\t\t\t\t\t<div class=\"directorist-form-group directorist-mb-15\">\n\t\t\t\t\t\t\t\t<label for=\"username\">Usuario<\/label>\n\t\t\t\t\t\t\t\t<input type=\"text\" class=\"directorist-form-element\" id=\"username\" name=\"username\">\n\t\t\t\t\t\t\t<\/div>\n\n\t\t\t\t\t\t\t<div class=\"directorist-form-group directorist-mb-15\">\n\t\t\t\t\t\t\t\t<label for=\"password\">Contrase\u00f1a<\/label>\n\t\t\t\t\t\t\t\t<input type=\"password\" id=\"password\" autocomplete=\"off\" name=\"password\" class=\"directorist-form-element\">\n\t\t\t\t\t\t\t<\/div>\n\n\t\t\t\t\t\t\t<div class=\"directorist-form-group atbd_login_btn_wrapper directorist-mb-15\">\n\t\t\t\t\t\t\t\t<button class=\"directorist-btn directorist-btn-block directorist-btn-primary\" type=\"submit\" value=\"Iniciar sesi\u00f3n\" name=\"submit\">Iniciar sesi\u00f3n<\/button>\n\t\t\t\t\t\t\t\t<input type=\"hidden\" id=\"security\" name=\"security\" value=\"58cca7d2e7\" \/><input type=\"hidden\" name=\"_wp_http_referer\" value=\"\/empresas\/wp-json\/wp\/v2\/pages\/1306\" \/>\t\t\t\t\t\t\t<\/div>\n\n\t\t\t\t\t\t\t<div class=\"keep_signed directorist-checkbox directorist-mb-15\">\n\t\t\t\t\t\t\t\t\t\t\t\t\t\t\t<\/div>\n\n\t\t\t\t\t\t\t<p><a href=\"\" class=\"atbdp_recovery_pass\">Recuperar contrase\u00f1a<\/a><\/p>\t\t\t\t\t\t<\/form>\n\n\t\t\t\t\t\t<div class=\"atbd_social_login\">\n\t\t\t\t\t\t\t\t\t\t\t\t\t<\/div>\n\n\t\t\t\t\t\t\t\t\t\t\t\t\t<p>\n\t\t\t\t\t\t\t\t\u00bfNo tienes una cuenta?\t\t\t\t\t\t\t\t<a href=\"https:\/\/www.eabolivia.com\/empresas\/registrate\/\">Reg\u00edstrate<\/a>\n\t\t\t\t\t\t\t<\/p>\n\t\t\t\t\t\t\n\t\t\t\t\t\t\n\t\t\t\t\t\t<div id=\"recover-pass-modal\" class=\"directorist-mt-15\">\n\t\t\t\t\t\t\t<form method=\"post\">\n\t\t\t\t\t\t\t\t<fieldset class=\"directorist-form-group\">\n\t\t\t\t\t\t\t\t\t<p>Por favor, introduzca su direcci\u00f3n de correo electr\u00f3nico. Recibir\u00e1 una nueva contrase\u00f1a por correo electr\u00f3nico.<\/p>\n\t\t\t\t\t\t\t\t\t<label for=\"reset_user_login\">E-mail<\/label>\n\t\t\t\t\t\t\t\t\t<input type=\"text\" class=\"directorist-form-element\" name=\"user_login\" id=\"reset_user_login\" value=\"\" placeholder=\"ej. mail@example.com\" required=\"required\" \/>\n\t\t\t\t\t\t\t\t\t<p>\n\t\t\t\t\t\t\t\t\t\t<input type=\"hidden\" name=\"action\" value=\"reset\" \/>\n\t\t\t\t\t\t\t\t\t\t<button type=\"submit\" class=\"directorist-btn directorist-btn-primary\" id=\"submit\">Obtener nueva contrase\u00f1a<\/button>\n\t\t\t\t\t\t\t\t\t\t<input type=\"hidden\" value=\"fc885cc4e3\" name=\"directorist_nonce\">\n\t\t\t\t\t\t\t\t\t<\/p>\n\t\t\t\t\t\t\t\t<\/fieldset>\n\t\t\t\t\t\t\t<\/form>\n\t\t\t\t\t\t<\/div>\n\t\t\t\t\t\t\t\t\t<\/div><!-- \/.atbdp_login_form_shortcode -->\n\t\t\t<\/div>\n\t\t<\/div>\n\t<\/div>\n<\/div>\n\n","protected":false},"excerpt":{"rendered":"","protected":false},"author":1,"featured_media":0,"parent":0,"menu_order":0,"comment_status":"closed","ping_status":"closed","template":"","meta":{"footnotes":""},"class_list":["post-1306","page","type-page","status-publish","hentry","entry"],"yoast_head":"<!-- This site is optimized with the Yoast SEO plugin v23.2 - https:\/\/yoast.com\/wordpress\/plugins\/seo\/ -->\n<title>Login - Empresas bolivianas<\/title>\n<meta name=\"robots\" content=\"index, follow, max-snippet:-1, max-image-preview:large, max-video-preview:-1\" \/>\n<link rel=\"canonical\" href=\"https:\/\/www.eabolivia.com\/empresas\/login\/\" \/>\n<meta property=\"og:locale\" content=\"es_ES\" \/>\n<meta property=\"og:type\" content=\"article\" \/>\n<meta property=\"og:title\" content=\"Login - Empresas bolivianas\" \/>\n<meta property=\"og:url\" content=\"https:\/\/www.eabolivia.com\/empresas\/login\/\" \/>\n<meta property=\"og:site_name\" content=\"Empresas bolivianas\" \/>\n<meta property=\"article:publisher\" content=\"https:\/\/www.facebook.com\/eabolivia.noticiasbolivianas\" \/>\n<meta name=\"twitter:card\" content=\"summary_large_image\" \/>\n<meta name=\"twitter:site\" content=\"@eabolivia\" \/>\n<script type=\"application\/ld+json\" class=\"yoast-schema-graph\">{\"@context\":\"https:\/\/schema.org\",\"@graph\":[{\"@type\":\"WebPage\",\"@id\":\"https:\/\/www.eabolivia.com\/empresas\/login\/\",\"url\":\"https:\/\/www.eabolivia.com\/empresas\/login\/\",\"name\":\"Login - Empresas bolivianas\",\"isPartOf\":{\"@id\":\"https:\/\/www.eabolivia.com\/empresas\/#website\"},\"datePublished\":\"2018-12-24T08:59:44+00:00\",\"dateModified\":\"2018-12-24T08:59:44+00:00\",\"breadcrumb\":{\"@id\":\"https:\/\/www.eabolivia.com\/empresas\/login\/#breadcrumb\"},\"inLanguage\":\"es\",\"potentialAction\":[{\"@type\":\"ReadAction\",\"target\":[\"https:\/\/www.eabolivia.com\/empresas\/login\/\"]}]},{\"@type\":\"BreadcrumbList\",\"@id\":\"https:\/\/www.eabolivia.com\/empresas\/login\/#breadcrumb\",\"itemListElement\":[{\"@type\":\"ListItem\",\"position\":1,\"name\":\"Portada\",\"item\":\"https:\/\/www.eabolivia.com\/empresas\/\"},{\"@type\":\"ListItem\",\"position\":2,\"name\":\"Login\"}]},{\"@type\":\"WebSite\",\"@id\":\"https:\/\/www.eabolivia.com\/empresas\/#website\",\"url\":\"https:\/\/www.eabolivia.com\/empresas\/\",\"name\":\"Empresas bolivianas\",\"description\":\"Directorio\",\"publisher\":{\"@id\":\"https:\/\/www.eabolivia.com\/empresas\/#organization\"},\"potentialAction\":[{\"@type\":\"SearchAction\",\"target\":{\"@type\":\"EntryPoint\",\"urlTemplate\":\"https:\/\/www.eabolivia.com\/empresas\/?s={search_term_string}\"},\"query-input\":\"required name=search_term_string\"}],\"inLanguage\":\"es\"},{\"@type\":\"Organization\",\"@id\":\"https:\/\/www.eabolivia.com\/empresas\/#organization\",\"name\":\"Empresas bolivianas\",\"url\":\"https:\/\/www.eabolivia.com\/empresas\/\",\"logo\":{\"@type\":\"ImageObject\",\"inLanguage\":\"es\",\"@id\":\"https:\/\/www.eabolivia.com\/empresas\/#\/schema\/logo\/image\/\",\"url\":\"https:\/\/www.eabolivia.com\/empresas\/wp-content\/uploads\/2021\/08\/logo-web.jpg\",\"contentUrl\":\"https:\/\/www.eabolivia.com\/empresas\/wp-content\/uploads\/2021\/08\/logo-web.jpg\",\"width\":750,\"height\":422,\"caption\":\"Empresas bolivianas\"},\"image\":{\"@id\":\"https:\/\/www.eabolivia.com\/empresas\/#\/schema\/logo\/image\/\"},\"sameAs\":[\"https:\/\/www.facebook.com\/eabolivia.noticiasbolivianas\",\"https:\/\/x.com\/eabolivia\"]}]}<\/script>\n<!-- \/ Yoast SEO plugin. -->","yoast_head_json":{"title":"Login - Empresas bolivianas","robots":{"index":"index","follow":"follow","max-snippet":"max-snippet:-1","max-image-preview":"max-image-preview:large","max-video-preview":"max-video-preview:-1"},"canonical":"https:\/\/www.eabolivia.com\/empresas\/login\/","og_locale":"es_ES","og_type":"article","og_title":"Login - Empresas bolivianas","og_url":"https:\/\/www.eabolivia.com\/empresas\/login\/","og_site_name":"Empresas bolivianas","article_publisher":"https:\/\/www.facebook.com\/eabolivia.noticiasbolivianas","twitter_card":"summary_large_image","twitter_site":"@eabolivia","schema":{"@context":"https:\/\/schema.org","@graph":[{"@type":"WebPage","@id":"https:\/\/www.eabolivia.com\/empresas\/login\/","url":"https:\/\/www.eabolivia.com\/empresas\/login\/","name":"Login - Empresas bolivianas","isPartOf":{"@id":"https:\/\/www.eabolivia.com\/empresas\/#website"},"datePublished":"2018-12-24T08:59:44+00:00","dateModified":"2018-12-24T08:59:44+00:00","breadcrumb":{"@id":"https:\/\/www.eabolivia.com\/empresas\/login\/#breadcrumb"},"inLanguage":"es","potentialAction":[{"@type":"ReadAction","target":["https:\/\/www.eabolivia.com\/empresas\/login\/"]}]},{"@type":"BreadcrumbList","@id":"https:\/\/www.eabolivia.com\/empresas\/login\/#breadcrumb","itemListElement":[{"@type":"ListItem","position":1,"name":"Portada","item":"https:\/\/www.eabolivia.com\/empresas\/"},{"@type":"ListItem","position":2,"name":"Login"}]},{"@type":"WebSite","@id":"https:\/\/www.eabolivia.com\/empresas\/#website","url":"https:\/\/www.eabolivia.com\/empresas\/","name":"Empresas bolivianas","description":"Directorio","publisher":{"@id":"https:\/\/www.eabolivia.com\/empresas\/#organization"},"potentialAction":[{"@type":"SearchAction","target":{"@type":"EntryPoint","urlTemplate":"https:\/\/www.eabolivia.com\/empresas\/?s={search_term_string}"},"query-input":"required name=search_term_string"}],"inLanguage":"es"},{"@type":"Organization","@id":"https:\/\/www.eabolivia.com\/empresas\/#organization","name":"Empresas bolivianas","url":"https:\/\/www.eabolivia.com\/empresas\/","logo":{"@type":"ImageObject","inLanguage":"es","@id":"https:\/\/www.eabolivia.com\/empresas\/#\/schema\/logo\/image\/","url":"https:\/\/www.eabolivia.com\/empresas\/wp-content\/uploads\/2021\/08\/logo-web.jpg","contentUrl":"https:\/\/www.eabolivia.com\/empresas\/wp-content\/uploads\/2021\/08\/logo-web.jpg","width":750,"height":422,"caption":"Empresas bolivianas"},"image":{"@id":"https:\/\/www.eabolivia.com\/empresas\/#\/schema\/logo\/image\/"},"sameAs":["https:\/\/www.facebook.com\/eabolivia.noticiasbolivianas","https:\/\/x.com\/eabolivia"]}]}},"_links":{"self":[{"href":"https:\/\/www.eabolivia.com\/empresas\/wp-json\/wp\/v2\/pages\/1306"}],"collection":[{"href":"https:\/\/www.eabolivia.com\/empresas\/wp-json\/wp\/v2\/pages"}],"about":[{"href":"https:\/\/www.eabolivia.com\/empresas\/wp-json\/wp\/v2\/types\/page"}],"author":[{"embeddable":true,"href":"https:\/\/www.eabolivia.com\/empresas\/wp-json\/wp\/v2\/users\/1"}],"replies":[{"embeddable":true,"href":"https:\/\/www.eabolivia.com\/empresas\/wp-json\/wp\/v2\/comments?post=1306"}],"version-history":[{"count":0,"href":"https:\/\/www.eabolivia.com\/empresas\/wp-json\/wp\/v2\/pages\/1306\/revisions"}],"wp:attachment":[{"href":"https:\/\/www.eabolivia.com\/empresas\/wp-json\/wp\/v2\/media?parent=1306"}],"curies":[{"name":"wp","href":"https:\/\/api.w.org\/{rel}","templated":true}]}}